{"id":1343,"date":"2023-05-04T15:01:15","date_gmt":"2023-05-04T18:01:15","guid":{"rendered":"https:\/\/www.redenanosaude.com.br\/portalnanotecnologia\/?page_id=1343"},"modified":"2023-05-04T16:57:14","modified_gmt":"2023-05-04T19:57:14","slug":"testes-fisico-quimicos","status":"publish","type":"page","link":"https:\/\/www.redenanosaude.com.br\/portalnanotecnologia\/procedimentos-operacionais-padrao-pop\/testes-fisico-quimicos\/","title":{"rendered":"Testes f\u00edsico-qu\u00edmicos"},"content":{"rendered":"\t\t<div data-elementor-type=\"wp-page\" data-elementor-id=\"1343\" class=\"elementor elementor-1343\">\n\t\t\t\t\t\t\t\t\t<section class=\"elementor-section elementor-top-section elementor-element elementor-element-11f5cd5a elementor-section-full_width elementor-section-content-middle elementor-section-stretched elementor-section-height-default elementor-section-height-default wpr-particle-no wpr-jarallax-no wpr-parallax-no wpr-sticky-section-no\" data-id=\"11f5cd5a\" data-element_type=\"section\" data-settings=\"{&quot;background_background&quot;:&quot;classic&quot;,&quot;stretch_section&quot;:&quot;section-stretched&quot;}\">\n\t\t\t\t\t\t\t<div class=\"elementor-background-overlay\"><\/div>\n\t\t\t\t\t\t\t<div class=\"elementor-container elementor-column-gap-no\">\n\t\t\t\t\t<div class=\"elementor-column elementor-col-100 elementor-top-column elementor-element elementor-element-1189026\" data-id=\"1189026\" data-element_type=\"column\">\n\t\t\t<div class=\"elementor-widget-wrap elementor-element-populated\">\n\t\t\t\t\t\t\t\t<div class=\"elementor-element elementor-element-5d0d75bc elementor-widget elementor-widget-heading\" data-id=\"5d0d75bc\" data-element_type=\"widget\" data-widget_type=\"heading.default\">\n\t\t\t\t<div class=\"elementor-widget-container\">\n\t\t\t<style>\/*! elementor - v3.12.1 - 02-04-2023 *\/\n.elementor-heading-title{padding:0;margin:0;line-height:1}.elementor-widget-heading .elementor-heading-title[class*=elementor-size-]>a{color:inherit;font-size:inherit;line-height:inherit}.elementor-widget-heading .elementor-heading-title.elementor-size-small{font-size:15px}.elementor-widget-heading .elementor-heading-title.elementor-size-medium{font-size:19px}.elementor-widget-heading .elementor-heading-title.elementor-size-large{font-size:29px}.elementor-widget-heading .elementor-heading-title.elementor-size-xl{font-size:39px}.elementor-widget-heading .elementor-heading-title.elementor-size-xxl{font-size:59px}<\/style><h2 class=\"elementor-heading-title elementor-size-default\">Testes f\u00edsico-qu\u00edmicos<\/h2>\t\t<\/div>\n\t\t\t\t<\/div>\n\t\t\t\t\t<\/div>\n\t\t<\/div>\n\t\t\t\t\t\t\t<\/div>\n\t\t<\/section>\n\t\t\t\t<section class=\"elementor-section elementor-top-section elementor-element elementor-element-81e1cb7 elementor-section-boxed elementor-section-height-default elementor-section-height-default wpr-particle-no wpr-jarallax-no wpr-parallax-no wpr-sticky-section-no\" data-id=\"81e1cb7\" data-element_type=\"section\">\n\t\t\t\t\t\t<div class=\"elementor-container elementor-column-gap-no\">\n\t\t\t\t\t<div class=\"elementor-column elementor-col-100 elementor-top-column elementor-element elementor-element-bf6b8a8\" data-id=\"bf6b8a8\" data-element_type=\"column\">\n\t\t\t<div class=\"elementor-widget-wrap elementor-element-populated\">\n\t\t\t\t\t\t\t\t<div class=\"elementor-element elementor-element-4ebd93c elementor-widget elementor-widget-image\" data-id=\"4ebd93c\" data-element_type=\"widget\" data-widget_type=\"image.default\">\n\t\t\t\t<div class=\"elementor-widget-container\">\n\t\t\t<style>\/*! elementor - v3.12.1 - 02-04-2023 *\/\n.elementor-widget-image{text-align:center}.elementor-widget-image a{display:inline-block}.elementor-widget-image a img[src$=\".svg\"]{width:48px}.elementor-widget-image img{vertical-align:middle;display:inline-block}<\/style>\t\t\t\t\t\t\t\t\t\t\t\t<img loading=\"lazy\" decoding=\"async\" width=\"1370\" height=\"52\" src=\"https:\/\/www.redenanosaude.com.br\/portalnanotecnologia\/wp-content\/uploads\/2023\/04\/sombra-banner-img.png\" class=\"attachment-full size-full wp-image-627\" alt=\"\" srcset=\"https:\/\/www.redenanosaude.com.br\/portalnanotecnologia\/wp-content\/uploads\/2023\/04\/sombra-banner-img.png 1370w, https:\/\/www.redenanosaude.com.br\/portalnanotecnologia\/wp-content\/uploads\/2023\/04\/sombra-banner-img-300x11.png 300w, https:\/\/www.redenanosaude.com.br\/portalnanotecnologia\/wp-content\/uploads\/2023\/04\/sombra-banner-img-1024x39.png 1024w, https:\/\/www.redenanosaude.com.br\/portalnanotecnologia\/wp-content\/uploads\/2023\/04\/sombra-banner-img-768x29.png 768w\" sizes=\"auto, (max-width: 1370px) 100vw, 1370px\" \/>\t\t\t\t\t\t\t\t\t\t\t\t\t\t\t<\/div>\n\t\t\t\t<\/div>\n\t\t\t\t\t<\/div>\n\t\t<\/div>\n\t\t\t\t\t\t\t<\/div>\n\t\t<\/section>\n\t\t\t\t<section class=\"elementor-section elementor-top-section elementor-element elementor-element-12af9f73 elementor-section-stretched elementor-section-boxed elementor-section-height-default elementor-section-height-default wpr-particle-no wpr-jarallax-no wpr-parallax-no wpr-sticky-section-no\" data-id=\"12af9f73\" data-element_type=\"section\" data-settings=\"{&quot;stretch_section&quot;:&quot;section-stretched&quot;}\">\n\t\t\t\t\t\t<div class=\"elementor-container elementor-column-gap-no\">\n\t\t\t\t\t<div class=\"elementor-column elementor-col-100 elementor-top-column elementor-element elementor-element-378f7356\" data-id=\"378f7356\" data-element_type=\"column\">\n\t\t\t<div class=\"elementor-widget-wrap elementor-element-populated\">\n\t\t\t\t\t\t\t\t<section class=\"elementor-section elementor-inner-section elementor-element elementor-element-66c396d elementor-section-boxed elementor-section-height-default elementor-section-height-default wpr-particle-no wpr-jarallax-no wpr-parallax-no wpr-sticky-section-no\" data-id=\"66c396d\" data-element_type=\"section\">\n\t\t\t\t\t\t<div class=\"elementor-container elementor-column-gap-no\">\n\t\t\t\t\t<div class=\"elementor-column elementor-col-33 elementor-inner-column elementor-element elementor-element-ff45a71\" data-id=\"ff45a71\" data-element_type=\"column\">\n\t\t\t<div class=\"elementor-widget-wrap elementor-element-populated\">\n\t\t\t\t\t\t\t\t<div class=\"elementor-element elementor-element-26e887b elementor-widget elementor-widget-text-editor\" data-id=\"26e887b\" data-element_type=\"widget\" data-widget_type=\"text-editor.default\">\n\t\t\t\t<div class=\"elementor-widget-container\">\n\t\t\t<style>\/*! elementor - v3.12.1 - 02-04-2023 *\/\n.elementor-widget-text-editor.elementor-drop-cap-view-stacked .elementor-drop-cap{background-color:#69727d;color:#fff}.elementor-widget-text-editor.elementor-drop-cap-view-framed .elementor-drop-cap{color:#69727d;border:3px solid;background-color:transparent}.elementor-widget-text-editor:not(.elementor-drop-cap-view-default) .elementor-drop-cap{margin-top:8px}.elementor-widget-text-editor:not(.elementor-drop-cap-view-default) .elementor-drop-cap-letter{width:1em;height:1em}.elementor-widget-text-editor .elementor-drop-cap{float:left;text-align:center;line-height:1;font-size:50px}.elementor-widget-text-editor .elementor-drop-cap-letter{display:inline-block}<\/style>\t\t\t\t<p><form  class=\"is-search-form is-form-style is-form-style-3 is-form-id-976 \" action=\"https:\/\/www.redenanosaude.com.br\/portalnanotecnologia\/\" method=\"get\" role=\"search\" ><label for=\"is-search-input-976\"><span class=\"is-screen-reader-text\">Search for:<\/span><input  type=\"search\" id=\"is-search-input-976\" name=\"s\" value=\"\" class=\"is-search-input\" placeholder=\"Search here...\" autocomplete=off \/><\/label><button type=\"submit\" class=\"is-search-submit\"><span class=\"is-screen-reader-text\">Search Button<\/span><span class=\"is-search-icon\"><svg focusable=\"false\" aria-label=\"Search\" xmlns=\"http:\/\/www.w3.org\/2000\/svg\" viewBox=\"0 0 24 24\" width=\"24px\"><path d=\"M15.5 14h-.79l-.28-.27C15.41 12.59 16 11.11 16 9.5 16 5.91 13.09 3 9.5 3S3 5.91 3 9.5 5.91 16 9.5 16c1.61 0 3.09-.59 4.23-1.57l.27.28v.79l5 4.99L20.49 19l-4.99-5zm-6 0C7.01 14 5 11.99 5 9.5S7.01 5 9.5 5 14 7.01 14 9.5 11.99 14 9.5 14z\"><\/path><\/svg><\/span><\/button><input type=\"hidden\" name=\"id\" value=\"976\" \/><input type=\"hidden\" name=\"post_type\" value=\"post\" \/><\/form><\/p>\t\t\t\t\t\t<\/div>\n\t\t\t\t<\/div>\n\t\t\t\t\t<\/div>\n\t\t<\/div>\n\t\t\t\t<div class=\"elementor-column elementor-col-33 elementor-inner-column elementor-element elementor-element-b56f8fd\" data-id=\"b56f8fd\" data-element_type=\"column\">\n\t\t\t<div class=\"elementor-widget-wrap\">\n\t\t\t\t\t\t\t\t\t<\/div>\n\t\t<\/div>\n\t\t\t\t<div class=\"elementor-column elementor-col-33 elementor-inner-column elementor-element elementor-element-8e15e7d\" data-id=\"8e15e7d\" data-element_type=\"column\">\n\t\t\t<div class=\"elementor-widget-wrap elementor-element-populated\">\n\t\t\t\t\t\t\t\t<div class=\"elementor-element elementor-element-4001310 elementor-align-right elementor-mobile-align-center elementor-widget elementor-widget-button\" data-id=\"4001310\" data-element_type=\"widget\" data-widget_type=\"button.default\">\n\t\t\t\t<div class=\"elementor-widget-container\">\n\t\t\t\t\t<div class=\"elementor-button-wrapper\">\n\t\t\t<a href=\"https:\/\/www.redenanosaude.com.br\/portalnanotecnologia\/procedimentos-operacionais-padrao-pop\/\" class=\"elementor-button-link elementor-button elementor-size-sm\" role=\"button\">\n\t\t\t\t\t\t<span class=\"elementor-button-content-wrapper\">\n\t\t\t\t\t\t\t<span class=\"elementor-button-icon elementor-align-icon-left\">\n\t\t\t\t<i aria-hidden=\"true\" class=\"fas fa-arrow-left\"><\/i>\t\t\t<\/span>\n\t\t\t\t\t\t<span class=\"elementor-button-text\">voltar para o painel<\/span>\n\t\t<\/span>\n\t\t\t\t\t<\/a>\n\t\t<\/div>\n\t\t\t\t<\/div>\n\t\t\t\t<\/div>\n\t\t\t\t\t<\/div>\n\t\t<\/div>\n\t\t\t\t\t\t\t<\/div>\n\t\t<\/section>\n\t\t\t\t<section class=\"elementor-section elementor-inner-section elementor-element elementor-element-7c587f8 elementor-section-boxed elementor-section-height-default elementor-section-height-default wpr-particle-no wpr-jarallax-no wpr-parallax-no wpr-sticky-section-no\" data-id=\"7c587f8\" data-element_type=\"section\">\n\t\t\t\t\t\t<div class=\"elementor-container elementor-column-gap-no\">\n\t\t\t\t\t<div class=\"elementor-column elementor-col-100 elementor-inner-column elementor-element elementor-element-23297fa\" data-id=\"23297fa\" data-element_type=\"column\">\n\t\t\t<div class=\"elementor-widget-wrap elementor-element-populated\">\n\t\t\t\t\t\t\t\t<div class=\"elementor-element elementor-element-c210913 wpr-grid-columns-1 wpr-grid-columns--tablet2 wpr-grid-columns--mobile1 wpr-grid-pagination-center elementor-widget elementor-widget-wpr-grid\" data-id=\"c210913\" data-element_type=\"widget\" data-widget_type=\"wpr-grid.default\">\n\t\t\t\t<div class=\"elementor-widget-container\">\n\t\t\t<ul class=\"wpr-grid-filters elementor-clearfix wpr-grid-filters-sep-right\"><li class=\" wpr-pointer-none wpr-pointer-line-fx wpr-pointer-fx-none\"><a class=\" \" href=\"https:\/\/www.redenanosaude.com.br\/portalnanotecnologia\/category\/testes-fisico-quimicos\/\">Testes f\u00edsico-qu\u00edmicos<\/a><em class=\"wpr-grid-filters-sep\"><\/em><\/li><\/ul><section class=\"wpr-grid elementor-clearfix\" data-settings=\"{&quot;layout&quot;:&quot;fitRows&quot;,&quot;columns_desktop&quot;:&quot;1&quot;,&quot;gutter_hr&quot;:15,&quot;gutter_hr_mobile&quot;:15,&quot;gutter_hr_mobile_extra&quot;:15,&quot;gutter_hr_tablet&quot;:15,&quot;gutter_hr_tablet_extra&quot;:15,&quot;gutter_hr_laptop&quot;:15,&quot;gutter_hr_widescreen&quot;:15,&quot;gutter_vr&quot;:35,&quot;gutter_vr_mobile&quot;:35,&quot;gutter_vr_mobile_extra&quot;:35,&quot;gutter_vr_tablet&quot;:35,&quot;gutter_vr_tablet_extra&quot;:35,&quot;gutter_vr_laptop&quot;:35,&quot;gutter_vr_widescreen&quot;:35,&quot;animation&quot;:&quot;default&quot;,&quot;animation_duration&quot;:0.3,&quot;animation_delay&quot;:0.1,&quot;deeplinking&quot;:&quot;&quot;,&quot;filters_linkable&quot;:&quot;yes&quot;,&quot;filters_default_filter&quot;:&quot;&quot;,&quot;filters_count&quot;:&quot;&quot;,&quot;filters_hide_empty&quot;:&quot;no&quot;,&quot;filters_animation&quot;:&quot;default&quot;,&quot;filters_animation_duration&quot;:0.3,&quot;filters_animation_delay&quot;:0.1,&quot;pagination_type&quot;:&quot;load-more&quot;,&quot;pagination_max_pages&quot;:1,&quot;lightbox&quot;:{&quot;selector&quot;:&quot;.wpr-grid-image-wrap&quot;,&quot;iframeMaxWidth&quot;:&quot;60%&quot;,&quot;hash&quot;:false,&quot;autoplay&quot;:&quot;true&quot;,&quot;pause&quot;:5000,&quot;progressBar&quot;:&quot;true&quot;,&quot;counter&quot;:&quot;true&quot;,&quot;controls&quot;:&quot;true&quot;,&quot;getCaptionFromTitleOrAlt&quot;:&quot;true&quot;,&quot;thumbnail&quot;:&quot;&quot;,&quot;showThumbByDefault&quot;:&quot;&quot;,&quot;share&quot;:&quot;&quot;,&quot;zoom&quot;:&quot;true&quot;,&quot;fullScreen&quot;:&quot;true&quot;,&quot;download&quot;:&quot;true&quot;}}\"><article class=\"wpr-grid-item elementor-clearfix post-1305 post type-post status-publish format-standard hentry category-procedimentos-operacionais-padrao-pop category-testes-fisico-quimicos\"><div class=\"wpr-grid-item-inner\"><div class=\"wpr-grid-media-wrap wpr-effect-size-medium \" data-overlay-link=\"yes\"><div class=\"wpr-grid-media-hover wpr-animation-wrap\"><div class=\"wpr-grid-media-hover-bg  wpr-overlay-fade-in wpr-anim-size-large wpr-anim-timing-ease-default wpr-anim-transparency\" data-url=\"https:\/\/www.redenanosaude.com.br\/portalnanotecnologia\/caracterizacao-de-nanoparticulas-nt1-dls\/\"><\/div><\/div><\/div><div class=\"wpr-grid-item-below-content elementor-clearfix\"><h2 class=\"wpr-grid-item-title elementor-repeater-item-f67186a wpr-grid-item-display-block wpr-grid-item-align-left wpr-pointer-none wpr-pointer-line-fx wpr-pointer-fx-fade\"><div class=\"inner-block\"><a target=\"_self\"  href=\"https:\/\/www.redenanosaude.com.br\/portalnanotecnologia\/caracterizacao-de-nanoparticulas-nt1-dls\/\">Caracterizac\u0327a\u0303o de Nanoparti\u0301culas NT1-DLS<\/a><\/div><\/h2><div class=\"wpr-grid-item-content elementor-repeater-item-6a3aa2b wpr-grid-item-display-inline wpr-grid-item-align-left\"><div class=\"inner-block\"><h6>Acesse:<\/h6>\r\n<a href=\"https:\/\/www.redenanosaude.com.br\/portalnanotecnologia\/wp-content\/uploads\/2023\/05\/CARACTERIZACAO-DE-NANOPARTICULAS-NT1-DLS.pdf\" target=\"_blank\" rel=\"noopener\">Caracterizac\u0327a\u0303o de Nanoparti\u0301culas NT1-DLS<\/a><\/div><\/div><\/div><\/div><\/article><article class=\"wpr-grid-item elementor-clearfix post-1407 post type-post status-publish format-standard hentry category-procedimentos-operacionais-padrao-pop category-testes-fisico-quimicos\"><div class=\"wpr-grid-item-inner\"><div class=\"wpr-grid-media-wrap wpr-effect-size-medium \" data-overlay-link=\"yes\"><div class=\"wpr-grid-media-hover wpr-animation-wrap\"><div class=\"wpr-grid-media-hover-bg  wpr-overlay-fade-in wpr-anim-size-large wpr-anim-timing-ease-default wpr-anim-transparency\" data-url=\"https:\/\/www.redenanosaude.com.br\/portalnanotecnologia\/caracterizacao-de-nanoparticulas-nt2-prepamostras\/\"><\/div><\/div><\/div><div class=\"wpr-grid-item-below-content elementor-clearfix\"><h2 class=\"wpr-grid-item-title elementor-repeater-item-f67186a wpr-grid-item-display-block wpr-grid-item-align-left wpr-pointer-none wpr-pointer-line-fx wpr-pointer-fx-fade\"><div class=\"inner-block\"><a target=\"_self\"  href=\"https:\/\/www.redenanosaude.com.br\/portalnanotecnologia\/caracterizacao-de-nanoparticulas-nt2-prepamostras\/\">Caracterizac\u0327a\u0303o De Nanoparti\u0301culas NT2-prepamostras<\/a><\/div><\/h2><div class=\"wpr-grid-item-content elementor-repeater-item-6a3aa2b wpr-grid-item-display-inline wpr-grid-item-align-left\"><div class=\"inner-block\"><h6>Acesse:<\/h6>\r\n<a href=\"https:\/\/www.redenanosaude.com.br\/portalnanotecnologia\/wp-content\/uploads\/2023\/05\/CARACTERIZACAO-DE-NANOPARTICULAS-NT2-prepamostras.pdf\" target=\"_blank\" rel=\"noopener\">Caracterizac\u0327a\u0303o De Nanoparti\u0301culas NT2-prepamostras<\/a><\/div><\/div><\/div><\/div><\/article><article class=\"wpr-grid-item elementor-clearfix post-1409 post type-post status-publish format-standard hentry category-procedimentos-operacionais-padrao-pop category-testes-fisico-quimicos\"><div class=\"wpr-grid-item-inner\"><div class=\"wpr-grid-media-wrap wpr-effect-size-medium \" data-overlay-link=\"yes\"><div class=\"wpr-grid-media-hover wpr-animation-wrap\"><div class=\"wpr-grid-media-hover-bg  wpr-overlay-fade-in wpr-anim-size-large wpr-anim-timing-ease-default wpr-anim-transparency\" data-url=\"https:\/\/www.redenanosaude.com.br\/portalnanotecnologia\/caracterizacao-de-nanoparticulas-nt3-aquisimag\/\"><\/div><\/div><\/div><div class=\"wpr-grid-item-below-content elementor-clearfix\"><h2 class=\"wpr-grid-item-title elementor-repeater-item-f67186a wpr-grid-item-display-block wpr-grid-item-align-left wpr-pointer-none wpr-pointer-line-fx wpr-pointer-fx-fade\"><div class=\"inner-block\"><a target=\"_self\"  href=\"https:\/\/www.redenanosaude.com.br\/portalnanotecnologia\/caracterizacao-de-nanoparticulas-nt3-aquisimag\/\">Caracterizac\u0327a\u0303o de Nanoparti\u0301culas NT3-aquisimag<\/a><\/div><\/h2><div class=\"wpr-grid-item-content elementor-repeater-item-6a3aa2b wpr-grid-item-display-inline wpr-grid-item-align-left\"><div class=\"inner-block\"><h6>Acesse:<\/h6>\r\n<a href=\"https:\/\/www.redenanosaude.com.br\/portalnanotecnologia\/wp-content\/uploads\/2023\/05\/CARACTERIZACAO-DE-NANOPARTICULAS-NT3-aquisimag.pdf\" target=\"_blank\" rel=\"noopener\">Caracterizac\u0327a\u0303o de Nanoparti\u0301culas NT3-aquisimag<\/a><\/div><\/div><\/div><\/div><\/article><article class=\"wpr-grid-item elementor-clearfix post-1411 post type-post status-publish format-standard hentry category-procedimentos-operacionais-padrao-pop category-testes-fisico-quimicos\"><div class=\"wpr-grid-item-inner\"><div class=\"wpr-grid-media-wrap wpr-effect-size-medium \" data-overlay-link=\"yes\"><div class=\"wpr-grid-media-hover wpr-animation-wrap\"><div class=\"wpr-grid-media-hover-bg  wpr-overlay-fade-in wpr-anim-size-large wpr-anim-timing-ease-default wpr-anim-transparency\" data-url=\"https:\/\/www.redenanosaude.com.br\/portalnanotecnologia\/caracterizacao-de-nanoparticulas-nt4-anadados\/\"><\/div><\/div><\/div><div class=\"wpr-grid-item-below-content elementor-clearfix\"><h2 class=\"wpr-grid-item-title elementor-repeater-item-f67186a wpr-grid-item-display-block wpr-grid-item-align-left wpr-pointer-none wpr-pointer-line-fx wpr-pointer-fx-fade\"><div class=\"inner-block\"><a target=\"_self\"  href=\"https:\/\/www.redenanosaude.com.br\/portalnanotecnologia\/caracterizacao-de-nanoparticulas-nt4-anadados\/\">Caracterizac\u0327a\u0303o de Nanoparti\u0301culas NT4-anadados<\/a><\/div><\/h2><div class=\"wpr-grid-item-content elementor-repeater-item-6a3aa2b wpr-grid-item-display-inline wpr-grid-item-align-left\"><div class=\"inner-block\"><h6>Acesse:<\/h6>\r\n<a href=\"https:\/\/www.redenanosaude.com.br\/portalnanotecnologia\/wp-content\/uploads\/2023\/05\/CARACTERIZACAO-DE-NANOPARTICULAS-NT4-anadados.pdf\" target=\"_blank\" rel=\"noopener\">Caracterizac\u0327a\u0303o de Nanoparti\u0301culas NT4-anadados<\/a><\/div><\/div><\/div><\/div><\/article><\/section>\t\t<\/div>\n\t\t\t\t<\/div>\n\t\t\t\t\t<\/div>\n\t\t<\/div>\n\t\t\t\t\t\t\t<\/div>\n\t\t<\/section>\n\t\t\t\t\t<\/div>\n\t\t<\/div>\n\t\t\t\t\t\t\t<\/div>\n\t\t<\/section>\n\t\t\t\t\t\t\t<\/div>\n\t\t","protected":false},"excerpt":{"rendered":"<p>Testes f\u00edsico-qu\u00edmicos voltar para o painel Testes f\u00edsico-qu\u00edmicos Caracterizac\u0327a\u0303o de Nanoparti\u0301culas NT1-DLS Acesse: Caracterizac\u0327a\u0303o de Nanoparti\u0301culas NT1-DLS Caracterizac\u0327a\u0303o De Nanoparti\u0301culas NT2-prepamostras Acesse: Caracterizac\u0327a\u0303o De Nanoparti\u0301culas NT2-prepamostras Caracterizac\u0327a\u0303o de Nanoparti\u0301culas NT3-aquisimag Acesse: Caracterizac\u0327a\u0303o de Nanoparti\u0301culas NT3-aquisimag Caracterizac\u0327a\u0303o de Nanoparti\u0301culas NT4-anadados Acesse: Caracterizac\u0327a\u0303o de Nanoparti\u0301culas NT4-anadados<\/p>\n","protected":false},"author":1,"featured_media":0,"parent":673,"menu_order":0,"comment_status":"closed","ping_status":"closed","template":"elementor_header_footer","meta":{"_kad_post_transparent":"default","_kad_post_title":"default","_kad_post_layout":"default","_kad_post_sidebar_id":"","_kad_post_content_style":"default","_kad_post_vertical_padding":"default","_kad_post_feature":"","_kad_post_feature_position":"","_kad_post_header":false,"_kad_post_footer":false,"footnotes":""},"class_list":["post-1343","page","type-page","status-publish","hentry"],"_links":{"self":[{"href":"https:\/\/www.redenanosaude.com.br\/portalnanotecnologia\/wp-json\/wp\/v2\/pages\/1343","targetHints":{"allow":["GET"]}}],"collection":[{"href":"https:\/\/www.redenanosaude.com.br\/portalnanotecnologia\/wp-json\/wp\/v2\/pages"}],"about":[{"href":"https:\/\/www.redenanosaude.com.br\/portalnanotecnologia\/wp-json\/wp\/v2\/types\/page"}],"author":[{"embeddable":true,"href":"https:\/\/www.redenanosaude.com.br\/portalnanotecnologia\/wp-json\/wp\/v2\/users\/1"}],"replies":[{"embeddable":true,"href":"https:\/\/www.redenanosaude.com.br\/portalnanotecnologia\/wp-json\/wp\/v2\/comments?post=1343"}],"version-history":[{"count":25,"href":"https:\/\/www.redenanosaude.com.br\/portalnanotecnologia\/wp-json\/wp\/v2\/pages\/1343\/revisions"}],"predecessor-version":[{"id":1443,"href":"https:\/\/www.redenanosaude.com.br\/portalnanotecnologia\/wp-json\/wp\/v2\/pages\/1343\/revisions\/1443"}],"up":[{"embeddable":true,"href":"https:\/\/www.redenanosaude.com.br\/portalnanotecnologia\/wp-json\/wp\/v2\/pages\/673"}],"wp:attachment":[{"href":"https:\/\/www.redenanosaude.com.br\/portalnanotecnologia\/wp-json\/wp\/v2\/media?parent=1343"}],"curies":[{"name":"wp","href":"https:\/\/api.w.org\/{rel}","templated":true}]}}