{"id":2,"date":"2023-04-20T17:52:45","date_gmt":"2023-04-20T20:52:45","guid":{"rendered":"https:\/\/redenanosaude.com.br\/portalnanotecnologia\/?page_id=2"},"modified":"2023-05-30T17:41:34","modified_gmt":"2023-05-30T20:41:34","slug":"home","status":"publish","type":"page","link":"https:\/\/www.redenanosaude.com.br\/portalnanotecnologia\/","title":{"rendered":"homelogin"},"content":{"rendered":"\t\t<div data-elementor-type=\"wp-page\" data-elementor-id=\"2\" class=\"elementor elementor-2\">\n\t\t\t\t\t\t\t\t\t<section class=\"elementor-section elementor-top-section elementor-element elementor-element-4f37823 elementor-section-height-min-height elementor-section-items-top elementor-section-boxed elementor-section-height-default wpr-particle-no wpr-jarallax-no wpr-parallax-no wpr-sticky-section-no\" data-id=\"4f37823\" data-element_type=\"section\" data-settings=\"{&quot;background_background&quot;:&quot;classic&quot;}\">\n\t\t\t\t\t\t<div class=\"elementor-container elementor-column-gap-default\">\n\t\t\t\t\t<div class=\"elementor-column elementor-col-100 elementor-top-column elementor-element elementor-element-87f36c5\" data-id=\"87f36c5\" data-element_type=\"column\">\n\t\t\t<div class=\"elementor-widget-wrap elementor-element-populated\">\n\t\t\t\t\t\t\t\t<div class=\"elementor-element elementor-element-45d6616 elementor-widget elementor-widget-image\" data-id=\"45d6616\" data-element_type=\"widget\" data-widget_type=\"image.default\">\n\t\t\t\t<div class=\"elementor-widget-container\">\n\t\t\t<style>\/*! elementor - v3.12.1 - 02-04-2023 *\/\n.elementor-widget-image{text-align:center}.elementor-widget-image a{display:inline-block}.elementor-widget-image a img[src$=\".svg\"]{width:48px}.elementor-widget-image img{vertical-align:middle;display:inline-block}<\/style>\t\t\t\t\t\t\t\t\t\t\t\t<img loading=\"lazy\" decoding=\"async\" width=\"343\" height=\"70\" src=\"https:\/\/www.redenanosaude.com.br\/portalnanotecnologia\/wp-content\/uploads\/2023\/04\/marca-portalnanotec-topo.png\" class=\"attachment-large size-large wp-image-369\" alt=\"\" srcset=\"https:\/\/www.redenanosaude.com.br\/portalnanotecnologia\/wp-content\/uploads\/2023\/04\/marca-portalnanotec-topo.png 343w, https:\/\/www.redenanosaude.com.br\/portalnanotecnologia\/wp-content\/uploads\/2023\/04\/marca-portalnanotec-topo-300x61.png 300w\" sizes=\"auto, (max-width: 343px) 100vw, 343px\" \/>\t\t\t\t\t\t\t\t\t\t\t\t\t\t\t<\/div>\n\t\t\t\t<\/div>\n\t\t\t\t<div class=\"elementor-element elementor-element-dcabc0e elementor-widget elementor-widget-text-editor\" data-id=\"dcabc0e\" data-element_type=\"widget\" data-widget_type=\"text-editor.default\">\n\t\t\t\t<div class=\"elementor-widget-container\">\n\t\t\t<style>\/*! elementor - v3.12.1 - 02-04-2023 *\/\n.elementor-widget-text-editor.elementor-drop-cap-view-stacked .elementor-drop-cap{background-color:#69727d;color:#fff}.elementor-widget-text-editor.elementor-drop-cap-view-framed .elementor-drop-cap{color:#69727d;border:3px solid;background-color:transparent}.elementor-widget-text-editor:not(.elementor-drop-cap-view-default) .elementor-drop-cap{margin-top:8px}.elementor-widget-text-editor:not(.elementor-drop-cap-view-default) .elementor-drop-cap-letter{width:1em;height:1em}.elementor-widget-text-editor .elementor-drop-cap{float:left;text-align:center;line-height:1;font-size:50px}.elementor-widget-text-editor .elementor-drop-cap-letter{display:inline-block}<\/style>\t\t\t\t<p>O Portal Nanotecnologia pretende dar visibilidade \u00e0s principais normas, guias e procedimentos operacionais padr\u00e3o (POP) para a caracteriza\u00e7\u00e3o de nanomateriais, facilitando a dissemina\u00e7\u00e3o deste conhecimento junto \u00e0 comunidade, academia, reguladores e ind\u00fastria.<\/p>\t\t\t\t\t\t<\/div>\n\t\t\t\t<\/div>\n\t\t\t\t<div class=\"elementor-element elementor-element-0c151bb elementor-widget elementor-widget-text-editor\" data-id=\"0c151bb\" data-element_type=\"widget\" data-widget_type=\"text-editor.default\">\n\t\t\t\t<div class=\"elementor-widget-container\">\n\t\t\t\t\t\t\t<!-- This form was created and powered by ProfilePress WordPress plugin - https:\/\/profilepress.com -->\r\n\r\n <style type=\"text\/css\">\r\n@import url('https:\/\/fonts.googleapis.com\/css?family=Merriweather:300,400,600,700&display=swap');#pp-login-1-wrap .profilepress-login-status {border-radius:5px;font-size:16px;line-height:1.471;padding:10px;background-color:#e74c3c;color:#ffffff;font-weight:normal;text-align:center;vertical-align:middle;margin:10px 0;-webkit-box-sizing:border-box;-moz-box-sizing:border-box;box-sizing:border-box;max-width:100%;}#pp-login-1-wrap .profilepress-login-status.success {background-color:#2ecc71;color:#ffffff;}#pp-login-1-wrap .profilepress-login-status a {color:#fff;text-decoration:underline;}#pp-login-1-wrap.pp-form-container {max-width:400px !important;width:100%;margin:0 auto;}.pp-form-container #pp-login-1.ppBuildScratch {background:#ffffff;color:#69717a;font-size:14px;}.pp-form-container #pp-login-1.ppBuildScratch .pp-form-field-wrap .pp-form-field-input-textarea-wrap {position:relative;}.pp-form-container #pp-login-1.ppBuildScratch,.pp-form-container #pp-login-1.ppBuildScratch * {font-family:'Merriweather',-apple-system,BlinkMacSystemFont,\"Segoe UI\",Roboto,Oxygen-Sans,Ubuntu,Cantarell,\"Helvetica Neue\",sans-serif;}.pp-form-container #pp-login-1.ppBuildScratch .pp-form-field-wrap input,.pp-form-container #pp-login-1.ppBuildScratch .pp-form-field-wrap select,.pp-form-container #pp-login-1.ppBuildScratch .pp-form-field-wrap textarea {font-size:14px;border-color:#dbdbdb;background:#ffffff;color :#69717a; }.pp-form-container #pp-login-1.ppBuildScratch .pp-form-field-wrap .pp-form-material-icons {color:#666666;}.pp-form-container #pp-login-1.ppBuildScratch .pp-checkbox-wrap label,.pp-form-container #pp-login-1.ppBuildScratch .pp-radio-wrap label {font-size:14px;color :#69717a;vertical-align:middle;}.pp-form-container #pp-login-1.ppBuildScratch .pp-form-field-wrap input[type=text]:focus,.pp-form-container #pp-login-1.ppBuildScratch .pp-form-field-wrap select:focus,.pp-form-container #pp-login-1.ppBuildScratch .pp-form-field-wrap textarea:focus {outline:0;background:#ffffff;border-color:#999999;box-shadow:0 0 0 1px #999999;}.pp-form-container #pp-login-1.ppBuildScratch .pp-form-field-wrap ::placeholder{color:#999999;}.pp-form-container #pp-login-1.ppBuildScratch .pp-form-field-wrap ::-webkit-input-placeholder{color:#999999;}.pp-form-container #pp-login-1.ppBuildScratch .pp-form-field-wrap ::-moz-placeholder{color:#999999;}.pp-form-container #pp-login-1.ppBuildScratch .pp-form-field-wrap :-moz-placeholder{color:#999999;}.pp-form-container #pp-login-1.ppBuildScratch .pp-form-field-wrap :-ms-input-placeholder{color:#999999;}.pp-form-container #pp-login-1.ppBuildScratch .ppbs-headline,.pp-form-container #pp-login-1.ppBuildScratch h1,.pp-form-container #pp-login-1.ppBuildScratch h2,.pp-form-container #pp-login-1.ppBuildScratch h3,.pp-form-container #pp-login-1.ppBuildScratch {color:#444444;}.pp-form-container #pp-login-1.ppBuildScratch .pp-form-field-wrap .pp-form-label-wrap .pp-form-label {color:#444444;font-size:14px;font-weight:bold;}.pp-form-container #pp-login-1.ppBuildScratch .pp-form-field-description {color:#666666;text-align:left;}.pp-form-container #pp-login-1.ppBuildScratch .pp-form-submit-button-wrap input[type=\"submit\"] {font-size:16px;font-weight:bold;background:#5a4a72;color:#ffffff;}.pp-form-container #pp-login-1.ppBuildScratch .pp-form-submit-button-wrap input[type=\"submit\"]:hover,.pp-form-container #pp-login-1.ppBuildScratch .pp-form-submit-button-wrap input[type=\"submit\"]:focus {background:#6c5b8c;color:#ffffff;}.pp-form-container div#pp-login-1.ppBuildScratch a.pp-button-social-login {margin-right:6.387%;}.pp-form-container div#pp-login-1.ppBuildScratch a.pp-button-social-login {display:block;height:3em;line-height:3em;text-decoration:none;margin-bottom:10px;}.pp-form-container div#pp-login-1.ppBuildScratch a.pp-button-social-login .ppsc {width:3em;height:3em;}.pp-form-container div#pp-login-1.ppBuildScratch a.pp-button-social-login span.ppsc-text {margin-left:50px;}.pp-form-container div#pp-registration-12.ppBuildScratch a.pp-button-social-login:last-of-type {margin-bottom:20px;}.pp-form-container .ppress-form-bottom-links {padding-top:15px;padding-bottom:15px;text-align:center;}.pp-form-container .ppress-form-bottom-links a {line-height:22px;font-size:14px;color:#69717a !important;display:inline-block;text-decoration:none!important;font-weight:400;text-align:center;border-bottom:none!important;}.pp-form-container .ppress-form-bottom-links a:hover {text-decoration:underline!important;}html body .pp-form-container .pp-2fa,\n                html body .pp-form-container .pp-form-wrapper .pp-form-field-wrap.pp-2fa {\n                    display:none;\n                }\r\n<\/style>\r\n<div id=\"pp-login-1-wrap\" class=\"pp-form-container pp-login-form-wrap\"><form data-pp-form-submit=\"login\" id='pp_login_1' method=\"post\"><div id=\"pp-login-1\" class=\"pp-form-wrapper pp-login pp-login-1 ppBuildScratch ppfl-pill ppsbl-pill ppsbw-wide ppfs-medium ppfia-right\">\n<div class=\"ppbs-headline\">Fa\u00e7a login em sua conta<\/div>\n\n<div class=\"pp-form-field-wrap login-username fw-full field-has-icon fda-standard fld-above\"><div class=\"pp-form-field-input-textarea-wrap\"><input name=\"login_username\" type=\"text\" value=\"\" title=\"Username\" class=\"pp-form-field login-username\" placeholder=\"Username or Email\" id=\"1helauaoii80\"  required=\"required\"><i class=\"pp-form-material-icons\">face<\/i><\/div><\/div><div class=\"pp-form-field-wrap login-password fw-full has-password-visibility-icon fda-standard fld-above\"><div class=\"pp-form-field-input-textarea-wrap\"><input name='login_password' type='password' title=\"Password\" value=\"\" class=\"pp-form-field login-password\" placeholder=\"Password\" id=\"6afbbvfn0560\"  required=\"required\"><i class=\"pp-form-material-icons\">visibility<\/i><\/div><\/div>\n<div class=\"pp-form-submit-button-wrap\">\n<input data-pp-submit-label=\"Login\" data-pp-processing-label=\"Processando\" type=\"submit\" value=\"Login\" name=\"login_submit\" title=\"\" class=\"pp-submit-form ppform-submit-button\" id=\"\" >\n<\/div>\n<\/div>\n<div class=\"ppress-form-bottom-links\">\n    <a href=\"https:\/\/www.redenanosaude.com.br\/portalnanotecnologia\/homeregistro\/\">Registrar<\/a> | <a href=\"https:\/\/www.redenanosaude.com.br\/portalnanotecnologia\/forgot-password\/\">Perdeu sua senha?<\/a>\n<\/div><input type='hidden' name='login_form_id' value='1'><input type=\"hidden\" name=\"pp_current_url\" value=\"https:\/\/www.redenanosaude.com.br\/portalnanotecnologia\/wp-json\/wp\/v2\/pages\/2\"><input type=\"hidden\" name=\"login_referrer_page\" value=\"\"><\/form><\/div>\r\n<!-- \/ ProfilePress WordPress plugin. -->\r\n\t\t\t\t\t\t<\/div>\n\t\t\t\t<\/div>\n\t\t\t\t\t<\/div>\n\t\t<\/div>\n\t\t\t\t\t\t\t<\/div>\n\t\t<\/section>\n\t\t\t\t<section class=\"elementor-section elementor-top-section elementor-element elementor-element-4926c08 elementor-section-boxed elementor-section-height-default elementor-section-height-default wpr-particle-no wpr-jarallax-no wpr-parallax-no wpr-sticky-section-no\" data-id=\"4926c08\" data-element_type=\"section\" data-settings=\"{&quot;background_background&quot;:&quot;classic&quot;}\">\n\t\t\t\t\t\t<div class=\"elementor-container elementor-column-gap-no\">\n\t\t\t\t\t<div class=\"elementor-column elementor-col-100 elementor-top-column elementor-element elementor-element-e407a7d\" data-id=\"e407a7d\" data-element_type=\"column\">\n\t\t\t<div class=\"elementor-widget-wrap elementor-element-populated\">\n\t\t\t\t\t\t\t\t<div class=\"elementor-element elementor-element-8984315 elementor-widget elementor-widget-heading\" data-id=\"8984315\" data-element_type=\"widget\" data-widget_type=\"heading.default\">\n\t\t\t\t<div class=\"elementor-widget-container\">\n\t\t\t<style>\/*! elementor - v3.12.1 - 02-04-2023 *\/\n.elementor-heading-title{padding:0;margin:0;line-height:1}.elementor-widget-heading .elementor-heading-title[class*=elementor-size-]>a{color:inherit;font-size:inherit;line-height:inherit}.elementor-widget-heading .elementor-heading-title.elementor-size-small{font-size:15px}.elementor-widget-heading .elementor-heading-title.elementor-size-medium{font-size:19px}.elementor-widget-heading .elementor-heading-title.elementor-size-large{font-size:29px}.elementor-widget-heading .elementor-heading-title.elementor-size-xl{font-size:39px}.elementor-widget-heading .elementor-heading-title.elementor-size-xxl{font-size:59px}<\/style><h2 class=\"elementor-heading-title elementor-size-default\">Todos os direitos reservados a Portal Nanotecnologia \u00a9 2023<\/h2>\t\t<\/div>\n\t\t\t\t<\/div>\n\t\t\t\t\t<\/div>\n\t\t<\/div>\n\t\t\t\t\t\t\t<\/div>\n\t\t<\/section>\n\t\t\t\t\t\t\t<\/div>\n\t\t","protected":false},"excerpt":{"rendered":"<p>O Portal Nanotecnologia pretende dar visibilidade \u00e0s principais normas, guias e procedimentos operacionais padr\u00e3o (POP) para a caracteriza\u00e7\u00e3o de nanomateriais, facilitando a dissemina\u00e7\u00e3o deste conhecimento junto \u00e0 comunidade, academia, reguladores e ind\u00fastria. Acessar o painel Acessar o painel Acessar o painel Acessar o painel Acessar o painel Todos os direitos reservados a Portal Nanotecnologia \u00a9&#8230;<\/p>\n","protected":false},"author":1,"featured_media":0,"parent":0,"menu_order":0,"comment_status":"closed","ping_status":"open","template":"elementor_canvas","meta":{"_kad_post_transparent":"default","_kad_post_title":"default","_kad_post_layout":"default","_kad_post_sidebar_id":"","_kad_post_content_style":"default","_kad_post_vertical_padding":"default","_kad_post_feature":"","_kad_post_feature_position":"","_kad_post_header":false,"_kad_post_footer":false,"footnotes":""},"class_list":["post-2","page","type-page","status-publish","hentry"],"_links":{"self":[{"href":"https:\/\/www.redenanosaude.com.br\/portalnanotecnologia\/wp-json\/wp\/v2\/pages\/2","targetHints":{"allow":["GET"]}}],"collection":[{"href":"https:\/\/www.redenanosaude.com.br\/portalnanotecnologia\/wp-json\/wp\/v2\/pages"}],"about":[{"href":"https:\/\/www.redenanosaude.com.br\/portalnanotecnologia\/wp-json\/wp\/v2\/types\/page"}],"author":[{"embeddable":true,"href":"https:\/\/www.redenanosaude.com.br\/portalnanotecnologia\/wp-json\/wp\/v2\/users\/1"}],"replies":[{"embeddable":true,"href":"https:\/\/www.redenanosaude.com.br\/portalnanotecnologia\/wp-json\/wp\/v2\/comments?post=2"}],"version-history":[{"count":226,"href":"https:\/\/www.redenanosaude.com.br\/portalnanotecnologia\/wp-json\/wp\/v2\/pages\/2\/revisions"}],"predecessor-version":[{"id":2307,"href":"https:\/\/www.redenanosaude.com.br\/portalnanotecnologia\/wp-json\/wp\/v2\/pages\/2\/revisions\/2307"}],"wp:attachment":[{"href":"https:\/\/www.redenanosaude.com.br\/portalnanotecnologia\/wp-json\/wp\/v2\/media?parent=2"}],"curies":[{"name":"wp","href":"https:\/\/api.w.org\/{rel}","templated":true}]}}