{"id":645,"date":"2023-04-27T21:54:48","date_gmt":"2023-04-28T00:54:48","guid":{"rendered":"https:\/\/www.redenanosaude.com.br\/portalnanotecnologia\/?page_id=645"},"modified":"2023-04-28T14:52:16","modified_gmt":"2023-04-28T17:52:16","slug":"normas-iso-biotecnologia","status":"publish","type":"page","link":"https:\/\/www.redenanosaude.com.br\/portalnanotecnologia\/normas-iso-biotecnologia\/","title":{"rendered":"Normas ISO &#8211; Biotecnologia"},"content":{"rendered":"\t\t<div data-elementor-type=\"wp-page\" data-elementor-id=\"645\" class=\"elementor elementor-645\">\n\t\t\t\t\t\t\t\t\t<section class=\"elementor-section elementor-top-section elementor-element elementor-element-11f5cd5a elementor-section-full_width elementor-section-content-middle elementor-section-stretched elementor-section-height-default elementor-section-height-default wpr-particle-no wpr-jarallax-no wpr-parallax-no wpr-sticky-section-no\" data-id=\"11f5cd5a\" data-element_type=\"section\" data-settings=\"{&quot;background_background&quot;:&quot;classic&quot;,&quot;stretch_section&quot;:&quot;section-stretched&quot;}\">\n\t\t\t\t\t\t\t<div class=\"elementor-background-overlay\"><\/div>\n\t\t\t\t\t\t\t<div class=\"elementor-container elementor-column-gap-no\">\n\t\t\t\t\t<div class=\"elementor-column elementor-col-100 elementor-top-column elementor-element elementor-element-1189026\" data-id=\"1189026\" data-element_type=\"column\">\n\t\t\t<div class=\"elementor-widget-wrap elementor-element-populated\">\n\t\t\t\t\t\t\t\t<div class=\"elementor-element elementor-element-5d0d75bc elementor-widget elementor-widget-heading\" data-id=\"5d0d75bc\" data-element_type=\"widget\" data-widget_type=\"heading.default\">\n\t\t\t\t<div class=\"elementor-widget-container\">\n\t\t\t<style>\/*! elementor - v3.12.1 - 02-04-2023 *\/\n.elementor-heading-title{padding:0;margin:0;line-height:1}.elementor-widget-heading .elementor-heading-title[class*=elementor-size-]>a{color:inherit;font-size:inherit;line-height:inherit}.elementor-widget-heading .elementor-heading-title.elementor-size-small{font-size:15px}.elementor-widget-heading .elementor-heading-title.elementor-size-medium{font-size:19px}.elementor-widget-heading .elementor-heading-title.elementor-size-large{font-size:29px}.elementor-widget-heading .elementor-heading-title.elementor-size-xl{font-size:39px}.elementor-widget-heading .elementor-heading-title.elementor-size-xxl{font-size:59px}<\/style><h2 class=\"elementor-heading-title elementor-size-default\">Normas ISO - Biotecnologia<\/h2>\t\t<\/div>\n\t\t\t\t<\/div>\n\t\t\t\t\t<\/div>\n\t\t<\/div>\n\t\t\t\t\t\t\t<\/div>\n\t\t<\/section>\n\t\t\t\t<section class=\"elementor-section elementor-top-section elementor-element elementor-element-81e1cb7 elementor-section-boxed elementor-section-height-default elementor-section-height-default wpr-particle-no wpr-jarallax-no wpr-parallax-no wpr-sticky-section-no\" data-id=\"81e1cb7\" data-element_type=\"section\">\n\t\t\t\t\t\t<div class=\"elementor-container elementor-column-gap-no\">\n\t\t\t\t\t<div class=\"elementor-column elementor-col-100 elementor-top-column elementor-element elementor-element-bf6b8a8\" data-id=\"bf6b8a8\" data-element_type=\"column\">\n\t\t\t<div class=\"elementor-widget-wrap elementor-element-populated\">\n\t\t\t\t\t\t\t\t<div class=\"elementor-element elementor-element-4ebd93c elementor-widget elementor-widget-image\" data-id=\"4ebd93c\" data-element_type=\"widget\" data-widget_type=\"image.default\">\n\t\t\t\t<div class=\"elementor-widget-container\">\n\t\t\t<style>\/*! elementor - v3.12.1 - 02-04-2023 *\/\n.elementor-widget-image{text-align:center}.elementor-widget-image a{display:inline-block}.elementor-widget-image a img[src$=\".svg\"]{width:48px}.elementor-widget-image img{vertical-align:middle;display:inline-block}<\/style>\t\t\t\t\t\t\t\t\t\t\t\t<img loading=\"lazy\" decoding=\"async\" width=\"1370\" height=\"52\" src=\"https:\/\/www.redenanosaude.com.br\/portalnanotecnologia\/wp-content\/uploads\/2023\/04\/sombra-banner-img.png\" class=\"attachment-full size-full wp-image-627\" alt=\"\" srcset=\"https:\/\/www.redenanosaude.com.br\/portalnanotecnologia\/wp-content\/uploads\/2023\/04\/sombra-banner-img.png 1370w, https:\/\/www.redenanosaude.com.br\/portalnanotecnologia\/wp-content\/uploads\/2023\/04\/sombra-banner-img-300x11.png 300w, https:\/\/www.redenanosaude.com.br\/portalnanotecnologia\/wp-content\/uploads\/2023\/04\/sombra-banner-img-1024x39.png 1024w, https:\/\/www.redenanosaude.com.br\/portalnanotecnologia\/wp-content\/uploads\/2023\/04\/sombra-banner-img-768x29.png 768w\" sizes=\"auto, (max-width: 1370px) 100vw, 1370px\" \/>\t\t\t\t\t\t\t\t\t\t\t\t\t\t\t<\/div>\n\t\t\t\t<\/div>\n\t\t\t\t\t<\/div>\n\t\t<\/div>\n\t\t\t\t\t\t\t<\/div>\n\t\t<\/section>\n\t\t\t\t<section class=\"elementor-section elementor-top-section elementor-element elementor-element-12af9f73 elementor-section-stretched elementor-section-boxed elementor-section-height-default elementor-section-height-default wpr-particle-no wpr-jarallax-no wpr-parallax-no wpr-sticky-section-no\" data-id=\"12af9f73\" data-element_type=\"section\" data-settings=\"{&quot;stretch_section&quot;:&quot;section-stretched&quot;}\">\n\t\t\t\t\t\t<div class=\"elementor-container elementor-column-gap-no\">\n\t\t\t\t\t<div class=\"elementor-column elementor-col-100 elementor-top-column elementor-element elementor-element-378f7356\" data-id=\"378f7356\" data-element_type=\"column\">\n\t\t\t<div class=\"elementor-widget-wrap elementor-element-populated\">\n\t\t\t\t\t\t\t\t<section class=\"elementor-section elementor-inner-section elementor-element elementor-element-7c587f8 elementor-section-boxed elementor-section-height-default elementor-section-height-default wpr-particle-no wpr-jarallax-no wpr-parallax-no wpr-sticky-section-no\" data-id=\"7c587f8\" data-element_type=\"section\">\n\t\t\t\t\t\t<div class=\"elementor-container elementor-column-gap-no\">\n\t\t\t\t\t<div class=\"elementor-column elementor-col-50 elementor-inner-column elementor-element elementor-element-0b35f36\" data-id=\"0b35f36\" data-element_type=\"column\">\n\t\t\t<div class=\"elementor-widget-wrap elementor-element-populated\">\n\t\t\t\t\t\t\t\t<div class=\"elementor-element elementor-element-d143862 elementor-widget elementor-widget-image\" data-id=\"d143862\" data-element_type=\"widget\" data-widget_type=\"image.default\">\n\t\t\t\t<div class=\"elementor-widget-container\">\n\t\t\t\t\t\t\t\t\t\t\t\t\t\t\t<img loading=\"lazy\" decoding=\"async\" width=\"360\" height=\"360\" src=\"https:\/\/www.redenanosaude.com.br\/portalnanotecnologia\/wp-content\/uploads\/2023\/04\/biotecnologia.jpg\" class=\"attachment-large size-large wp-image-513\" alt=\"\" srcset=\"https:\/\/www.redenanosaude.com.br\/portalnanotecnologia\/wp-content\/uploads\/2023\/04\/biotecnologia.jpg 360w, https:\/\/www.redenanosaude.com.br\/portalnanotecnologia\/wp-content\/uploads\/2023\/04\/biotecnologia-300x300.jpg 300w, https:\/\/www.redenanosaude.com.br\/portalnanotecnologia\/wp-content\/uploads\/2023\/04\/biotecnologia-150x150.jpg 150w\" sizes=\"auto, (max-width: 360px) 100vw, 360px\" \/>\t\t\t\t\t\t\t\t\t\t\t\t\t\t\t<\/div>\n\t\t\t\t<\/div>\n\t\t\t\t\t<\/div>\n\t\t<\/div>\n\t\t\t\t<div class=\"elementor-column elementor-col-50 elementor-inner-column elementor-element elementor-element-23297fa\" data-id=\"23297fa\" data-element_type=\"column\">\n\t\t\t<div class=\"elementor-widget-wrap elementor-element-populated\">\n\t\t\t\t\t\t\t\t<div class=\"elementor-element elementor-element-53b7939 elementor-widget elementor-widget-text-editor\" data-id=\"53b7939\" data-element_type=\"widget\" data-widget_type=\"text-editor.default\">\n\t\t\t\t<div class=\"elementor-widget-container\">\n\t\t\t<style>\/*! elementor - v3.12.1 - 02-04-2023 *\/\n.elementor-widget-text-editor.elementor-drop-cap-view-stacked .elementor-drop-cap{background-color:#69727d;color:#fff}.elementor-widget-text-editor.elementor-drop-cap-view-framed .elementor-drop-cap{color:#69727d;border:3px solid;background-color:transparent}.elementor-widget-text-editor:not(.elementor-drop-cap-view-default) .elementor-drop-cap{margin-top:8px}.elementor-widget-text-editor:not(.elementor-drop-cap-view-default) .elementor-drop-cap-letter{width:1em;height:1em}.elementor-widget-text-editor .elementor-drop-cap{float:left;text-align:center;line-height:1;font-size:50px}.elementor-widget-text-editor .elementor-drop-cap-letter{display:inline-block}<\/style>\t\t\t\t<p>Com o intuito de eliminar ou minimizar a quest\u00e3o da irreprodutibilidade de dados, \u00e9 que surgiu a necessidade de implementar um sistema de gest\u00e3o que garanta rastreabilidade e qualidade, focando principalmente nas organiza\u00e7\u00f5es laboratoriais, consistindo em um conjunto de elementos da organiza\u00e7\u00e3o que se inter-relacionam visando alcan\u00e7ar os objetivos estabelecidos, bem como as pol\u00edticas e processos. Em paralelo, em um movimento mundial, diversos setores v\u00eam demandando a padroniza\u00e7\u00e3o de procedimentos na \u00e1rea de Ci\u00eancias da Vida, como a biotecnologia.<\/p><p>Neste sentido, a ISO criou a Comiss\u00e3o Especial de Estudos 276 que visa a padroniza\u00e7\u00e3o de procedimentos e protocolos utilizados na \u00e1rea de Biotecnologia. Considerando que a an\u00e1lise do perigo de nanomateriais inclui avalia\u00e7\u00f5es pr\u00e9-cl\u00ednicas \u00e9 fundamental que os testes in vitro e in vivo sigam procedimentos padronizados a fim de minimizar a falta de reprodutibilidade j\u00e1 muito bem documentadas. Deste modo, inclu\u00edmos neste Portal a lista de normas da ISO que se aplicam \u00e0s melhores pr\u00e1ticas nos testes pr\u00e9-cl\u00ednicos.<\/p>\t\t\t\t\t\t<\/div>\n\t\t\t\t<\/div>\n\t\t\t\t<div class=\"elementor-element elementor-element-4001310 elementor-align-right elementor-mobile-align-center elementor-widget elementor-widget-button\" data-id=\"4001310\" data-element_type=\"widget\" data-widget_type=\"button.default\">\n\t\t\t\t<div class=\"elementor-widget-container\">\n\t\t\t\t\t<div class=\"elementor-button-wrapper\">\n\t\t\t<a href=\"https:\/\/www.redenanosaude.com.br\/portalnanotecnologia\/homeacesso\/\" class=\"elementor-button-link elementor-button elementor-size-sm\" role=\"button\">\n\t\t\t\t\t\t<span class=\"elementor-button-content-wrapper\">\n\t\t\t\t\t\t\t<span class=\"elementor-button-icon elementor-align-icon-left\">\n\t\t\t\t<i aria-hidden=\"true\" class=\"fas fa-arrow-left\"><\/i>\t\t\t<\/span>\n\t\t\t\t\t\t<span class=\"elementor-button-text\">voltar para o painel<\/span>\n\t\t<\/span>\n\t\t\t\t\t<\/a>\n\t\t<\/div>\n\t\t\t\t<\/div>\n\t\t\t\t<\/div>\n\t\t\t\t\t<\/div>\n\t\t<\/div>\n\t\t\t\t\t\t\t<\/div>\n\t\t<\/section>\n\t\t\t\t<section class=\"elementor-section elementor-inner-section elementor-element elementor-element-e22d4d9 elementor-section-boxed elementor-section-height-default elementor-section-height-default wpr-particle-no wpr-jarallax-no wpr-parallax-no wpr-sticky-section-no\" data-id=\"e22d4d9\" data-element_type=\"section\" data-settings=\"{&quot;background_background&quot;:&quot;classic&quot;}\">\n\t\t\t\t\t\t<div class=\"elementor-container elementor-column-gap-default\">\n\t\t\t\t\t<div class=\"elementor-column elementor-col-100 elementor-inner-column elementor-element elementor-element-98322ff\" data-id=\"98322ff\" data-element_type=\"column\" data-settings=\"{&quot;background_background&quot;:&quot;classic&quot;}\">\n\t\t\t<div class=\"elementor-widget-wrap elementor-element-populated\">\n\t\t\t\t\t\t\t\t<div class=\"elementor-element elementor-element-cef6d9f elementor-widget elementor-widget-text-editor\" data-id=\"cef6d9f\" data-element_type=\"widget\" data-widget_type=\"text-editor.default\">\n\t\t\t\t<div class=\"elementor-widget-container\">\n\t\t\t\t\t\t\t<p>GLOSS\u00c1RIO<\/p>\t\t\t\t\t\t<\/div>\n\t\t\t\t<\/div>\n\t\t\t\t<div class=\"elementor-element elementor-element-b125a08 elementor-align-center elementor-widget elementor-widget-button\" data-id=\"b125a08\" data-element_type=\"widget\" data-widget_type=\"button.default\">\n\t\t\t\t<div class=\"elementor-widget-container\">\n\t\t\t\t\t<div class=\"elementor-button-wrapper\">\n\t\t\t<a href=\"https:\/\/www.redenanosaude.com.br\/portalnanotecnologia\/pagina-de-busca-e-postagens-normas-iso-biotecnologia\/\" class=\"elementor-button-link elementor-button elementor-size-sm\" role=\"button\">\n\t\t\t\t\t\t<span class=\"elementor-button-content-wrapper\">\n\t\t\t\t\t\t\t<span class=\"elementor-button-icon elementor-align-icon-left\">\n\t\t\t\t<i aria-hidden=\"true\" class=\"fas fa-book\"><\/i>\t\t\t<\/span>\n\t\t\t\t\t\t<span class=\"elementor-button-text\">Normas ISO - Biotecnoloiga publicadas ou em desenvolvimento  <\/span>\n\t\t<\/span>\n\t\t\t\t\t<\/a>\n\t\t<\/div>\n\t\t\t\t<\/div>\n\t\t\t\t<\/div>\n\t\t\t\t\t<\/div>\n\t\t<\/div>\n\t\t\t\t\t\t\t<\/div>\n\t\t<\/section>\n\t\t\t\t\t<\/div>\n\t\t<\/div>\n\t\t\t\t\t\t\t<\/div>\n\t\t<\/section>\n\t\t\t\t\t\t\t<\/div>\n\t\t","protected":false},"excerpt":{"rendered":"<p>Normas ISO &#8211; Biotecnologia Com o intuito de eliminar ou minimizar a quest\u00e3o da irreprodutibilidade de dados, \u00e9 que surgiu a necessidade de implementar um sistema de gest\u00e3o que garanta rastreabilidade e qualidade, focando principalmente nas organiza\u00e7\u00f5es laboratoriais, consistindo em um conjunto de elementos da organiza\u00e7\u00e3o que se inter-relacionam visando alcan\u00e7ar os objetivos estabelecidos, bem&#8230;<\/p>\n","protected":false},"author":1,"featured_media":0,"parent":0,"menu_order":0,"comment_status":"closed","ping_status":"closed","template":"elementor_header_footer","meta":{"_kad_post_transparent":"default","_kad_post_title":"default","_kad_post_layout":"default","_kad_post_sidebar_id":"","_kad_post_content_style":"default","_kad_post_vertical_padding":"default","_kad_post_feature":"","_kad_post_feature_position":"","_kad_post_header":false,"_kad_post_footer":false,"footnotes":""},"class_list":["post-645","page","type-page","status-publish","hentry"],"_links":{"self":[{"href":"https:\/\/www.redenanosaude.com.br\/portalnanotecnologia\/wp-json\/wp\/v2\/pages\/645","targetHints":{"allow":["GET"]}}],"collection":[{"href":"https:\/\/www.redenanosaude.com.br\/portalnanotecnologia\/wp-json\/wp\/v2\/pages"}],"about":[{"href":"https:\/\/www.redenanosaude.com.br\/portalnanotecnologia\/wp-json\/wp\/v2\/types\/page"}],"author":[{"embeddable":true,"href":"https:\/\/www.redenanosaude.com.br\/portalnanotecnologia\/wp-json\/wp\/v2\/users\/1"}],"replies":[{"embeddable":true,"href":"https:\/\/www.redenanosaude.com.br\/portalnanotecnologia\/wp-json\/wp\/v2\/comments?post=645"}],"version-history":[{"count":10,"href":"https:\/\/www.redenanosaude.com.br\/portalnanotecnologia\/wp-json\/wp\/v2\/pages\/645\/revisions"}],"predecessor-version":[{"id":995,"href":"https:\/\/www.redenanosaude.com.br\/portalnanotecnologia\/wp-json\/wp\/v2\/pages\/645\/revisions\/995"}],"wp:attachment":[{"href":"https:\/\/www.redenanosaude.com.br\/portalnanotecnologia\/wp-json\/wp\/v2\/media?parent=645"}],"curies":[{"name":"wp","href":"https:\/\/api.w.org\/{rel}","templated":true}]}}